{"id":24260,"date":"2023-07-03T14:55:09","date_gmt":"2023-07-03T12:55:09","guid":{"rendered":"https:\/\/archeo.mongolia.uwr.edu.pl\/?page_id=24260"},"modified":"2023-07-06T08:35:37","modified_gmt":"2023-07-06T06:35:37","slug":"about-the-project","status":"publish","type":"page","link":"https:\/\/archeo.mongolia.uwr.edu.pl\/en\/about-the-project\/","title":{"rendered":"about the Project"},"content":{"rendered":"\n<div class=\"wp-block-ugb-container ugb-container blok_nowa_podstrona ugb-8dda971 ugb-container--v2 ugb-container--design-plain ugb-main-block\"><div class=\"ugb-inner-block\"><div class=\"ugb-block-content\"><div class=\"ugb-container__wrapper ugb-8dda971-wrapper\"><div class=\"ugb-container__side\"><div class=\"ugb-container__content-wrapper ugb-8dda971-content-wrapper\">\n<div class=\"wp-block-columns bs-news-page is-layout-flex wp-block-columns-is-layout-flex\">\n<div class=\"wp-block-column bs-kontakt-photo is-layout-flow wp-block-column-is-layout-flow\">\n<figure class=\"wp-block-image size-full is-resized\"><img loading=\"lazy\" decoding=\"async\" src=\"https:\/\/archeo.mongolia.uwr.edu.pl\/wp-content\/uploads\/sites\/312\/2023\/07\/team-na-pustyni-scaled.jpg\" alt=\"photo of the research team from a drone\" class=\"wp-image-24230\" width=\"578\" height=\"396\"\/><\/figure>\n<\/div>\n\n\n\n<div class=\"wp-block-column bs-contact-right-column is-layout-flow wp-block-column-is-layout-flow\">\n<div class=\"wp-block-bonasoft-modular-breadcrumbs-block\"><div class=\"bs_add_breadcrumb_trail\"><\/div><\/div>\n\n\n\n<hr class=\"wp-block-separator has-text-color has-black-color has-css-opacity has-black-background-color has-background is-style-wide bs-border-kontakt\"\/>\n\n\n<h1 style=\"font-style:normal;font-weight:700;\" class=\"bs-naglowek-podstrony wp-block-post-title\">about the Project<\/h1>\n\n\n<p class=\"has-text-align-center has-x-large-font-size\"><a href=\"https:\/\/www.ncn.gov.pl\/\" target=\"_blank\" rel=\"noreferrer noopener\"><img loading=\"lazy\" decoding=\"async\" width=\"200\" height=\"134\" class=\"wp-image-24203\" style=\"width: 200px;\" src=\"https:\/\/archeo.mongolia.uwr.edu.pl\/wp-content\/uploads\/sites\/312\/2023\/07\/NCN.png\" alt=\"National Science Center logo\" srcset=\"https:\/\/archeo.mongolia.uwr.edu.pl\/wp-content\/uploads\/sites\/312\/2023\/07\/NCN.png 750w, https:\/\/archeo.mongolia.uwr.edu.pl\/wp-content\/uploads\/sites\/312\/2023\/07\/NCN-300x200.png 300w, https:\/\/archeo.mongolia.uwr.edu.pl\/wp-content\/uploads\/sites\/312\/2023\/07\/NCN-24x16.png 24w, https:\/\/archeo.mongolia.uwr.edu.pl\/wp-content\/uploads\/sites\/312\/2023\/07\/NCN-36x24.png 36w, https:\/\/archeo.mongolia.uwr.edu.pl\/wp-content\/uploads\/sites\/312\/2023\/07\/NCN-48x32.png 48w\" sizes=\"auto, (max-width: 200px) 100vw, 200px\" \/><\/a>    <a href=\"https:\/\/uwr.edu.pl\/\" target=\"_blank\" rel=\"noreferrer noopener\"><img loading=\"lazy\" decoding=\"async\" width=\"99\" height=\"99\" class=\"wp-image-22321\" style=\"width: 99px;\" src=\"https:\/\/archeo.mongolia.uwr.edu.pl\/wp-content\/uploads\/sites\/312\/2022\/06\/cropped-cropped-Uniwersytet-Wroclawski-LOGO.webp\" alt=\"logo of the University of Wroclaw\" srcset=\"https:\/\/archeo.mongolia.uwr.edu.pl\/wp-content\/uploads\/sites\/312\/2022\/06\/cropped-cropped-Uniwersytet-Wroclawski-LOGO.webp 512w, https:\/\/archeo.mongolia.uwr.edu.pl\/wp-content\/uploads\/sites\/312\/2022\/06\/cropped-cropped-Uniwersytet-Wroclawski-LOGO-300x300.webp 300w, https:\/\/archeo.mongolia.uwr.edu.pl\/wp-content\/uploads\/sites\/312\/2022\/06\/cropped-cropped-Uniwersytet-Wroclawski-LOGO-150x150.webp 150w, https:\/\/archeo.mongolia.uwr.edu.pl\/wp-content\/uploads\/sites\/312\/2022\/06\/cropped-cropped-Uniwersytet-Wroclawski-LOGO-24x24.webp 24w, https:\/\/archeo.mongolia.uwr.edu.pl\/wp-content\/uploads\/sites\/312\/2022\/06\/cropped-cropped-Uniwersytet-Wroclawski-LOGO-36x36.webp 36w, https:\/\/archeo.mongolia.uwr.edu.pl\/wp-content\/uploads\/sites\/312\/2022\/06\/cropped-cropped-Uniwersytet-Wroclawski-LOGO-48x48.webp 48w, https:\/\/archeo.mongolia.uwr.edu.pl\/wp-content\/uploads\/sites\/312\/2022\/06\/cropped-cropped-Uniwersytet-Wroclawski-LOGO-270x270.webp 270w, https:\/\/archeo.mongolia.uwr.edu.pl\/wp-content\/uploads\/sites\/312\/2022\/06\/cropped-cropped-Uniwersytet-Wroclawski-LOGO-192x192.webp 192w, https:\/\/archeo.mongolia.uwr.edu.pl\/wp-content\/uploads\/sites\/312\/2022\/06\/cropped-cropped-Uniwersytet-Wroclawski-LOGO-180x180.webp 180w, https:\/\/archeo.mongolia.uwr.edu.pl\/wp-content\/uploads\/sites\/312\/2022\/06\/cropped-cropped-Uniwersytet-Wroclawski-LOGO-32x32.webp 32w\" sizes=\"auto, (max-width: 99px) 100vw, 99px\" \/><\/a>   <a href=\"https:\/\/mas.ac.mn\/\" target=\"_blank\" rel=\"noreferrer noopener\"><img loading=\"lazy\" decoding=\"async\" width=\"130\" height=\"114\" class=\"wp-image-24191\" style=\"width: 130px;\" src=\"https:\/\/archeo.mongolia.uwr.edu.pl\/wp-content\/uploads\/sites\/312\/2023\/07\/mongolska_akademia_nauk.jpg\" alt=\"Mongolian Academy of Sciences logo\" srcset=\"https:\/\/archeo.mongolia.uwr.edu.pl\/wp-content\/uploads\/sites\/312\/2023\/07\/mongolska_akademia_nauk.jpg 255w, https:\/\/archeo.mongolia.uwr.edu.pl\/wp-content\/uploads\/sites\/312\/2023\/07\/mongolska_akademia_nauk-24x21.jpg 24w, https:\/\/archeo.mongolia.uwr.edu.pl\/wp-content\/uploads\/sites\/312\/2023\/07\/mongolska_akademia_nauk-36x32.jpg 36w, https:\/\/archeo.mongolia.uwr.edu.pl\/wp-content\/uploads\/sites\/312\/2023\/07\/mongolska_akademia_nauk-48x42.jpg 48w\" sizes=\"auto, (max-width: 130px) 100vw, 130px\" \/><\/a> <\/p>\n\n\n\n<p class=\"has-text-align-center\"><a href=\"https:\/\/msue.edu.mn\/\" target=\"_blank\" rel=\"noreferrer noopener\"><img loading=\"lazy\" decoding=\"async\" width=\"150\" height=\"149\" class=\"wp-image-24245\" style=\"width: 150px;\" src=\"https:\/\/archeo.mongolia.uwr.edu.pl\/wp-content\/uploads\/sites\/312\/2023\/07\/MNUE.jpg\" alt=\"logo of the Mongolian National University of Education\" srcset=\"https:\/\/archeo.mongolia.uwr.edu.pl\/wp-content\/uploads\/sites\/312\/2023\/07\/MNUE.jpg 435w, https:\/\/archeo.mongolia.uwr.edu.pl\/wp-content\/uploads\/sites\/312\/2023\/07\/MNUE-300x297.jpg 300w, https:\/\/archeo.mongolia.uwr.edu.pl\/wp-content\/uploads\/sites\/312\/2023\/07\/MNUE-150x150.jpg 150w, https:\/\/archeo.mongolia.uwr.edu.pl\/wp-content\/uploads\/sites\/312\/2023\/07\/MNUE-24x24.jpg 24w, https:\/\/archeo.mongolia.uwr.edu.pl\/wp-content\/uploads\/sites\/312\/2023\/07\/MNUE-36x36.jpg 36w, https:\/\/archeo.mongolia.uwr.edu.pl\/wp-content\/uploads\/sites\/312\/2023\/07\/MNUE-48x48.jpg 48w\" sizes=\"auto, (max-width: 150px) 100vw, 150px\" \/><\/a> <a href=\"https:\/\/archeologia.pl\/\" target=\"_blank\" rel=\"noreferrer noopener\"><img loading=\"lazy\" decoding=\"async\" width=\"180\" height=\"180\" class=\"wp-image-24197\" style=\"width: 180px;\" src=\"https:\/\/archeo.mongolia.uwr.edu.pl\/wp-content\/uploads\/sites\/312\/2023\/07\/muzeum_gdansk_logo.jpg\" alt=\"Logo of the Archaeological Museum in Gda&#x144;sk\" srcset=\"https:\/\/archeo.mongolia.uwr.edu.pl\/wp-content\/uploads\/sites\/312\/2023\/07\/muzeum_gdansk_logo.jpg 500w, https:\/\/archeo.mongolia.uwr.edu.pl\/wp-content\/uploads\/sites\/312\/2023\/07\/muzeum_gdansk_logo-300x300.jpg 300w, https:\/\/archeo.mongolia.uwr.edu.pl\/wp-content\/uploads\/sites\/312\/2023\/07\/muzeum_gdansk_logo-150x150.jpg 150w, https:\/\/archeo.mongolia.uwr.edu.pl\/wp-content\/uploads\/sites\/312\/2023\/07\/muzeum_gdansk_logo-24x24.jpg 24w, https:\/\/archeo.mongolia.uwr.edu.pl\/wp-content\/uploads\/sites\/312\/2023\/07\/muzeum_gdansk_logo-36x36.jpg 36w, https:\/\/archeo.mongolia.uwr.edu.pl\/wp-content\/uploads\/sites\/312\/2023\/07\/muzeum_gdansk_logo-48x48.jpg 48w\" sizes=\"auto, (max-width: 180px) 100vw, 180px\" \/><\/a><\/p>\n<\/div>\n<\/div>\n\n\n\n<div class=\"wp-block-ugb-container ugb-container bs-news-page-under ugb-f8694ce ugb-container--v2 ugb-container--design-plain ugb-main-block\"><div class=\"ugb-inner-block\"><div class=\"ugb-block-content\"><div class=\"ugb-container__wrapper ugb-f8694ce-wrapper\"><div class=\"ugb-container__side\"><div class=\"ugb-container__content-wrapper ugb-f8694ce-content-wrapper\">\n<p>The aim of the project is to analyse the nature of prehistoric settlement around the area of the so-called Tsakhiurtyn Hondi (eng. Flint Valley; rus. Kriemiennaja Dolina), located in the territory of southern Gobi province on the border with Altai Mountains, about 700km to the South from the capital city of Mongolia &#8211; Ulan Bator.<\/p>\n\n\n\n<p>Despite numerous remains of settlement from the Stone Age, only a limited archaeological research so far was conducted there Flint Valley is one of the biggest archaeological sites in Asia and it contains remains of almost entire Pleistocene. The area was named after a discovery of abundant flint outcrops and immeasurable number of flint artefacts. Stone pavement and flint debris cover the entire mesa surface. Several dozens of square kilometres are covered by dense concentrations of stones, most of which are represented by flint by-products The area of Flint Valley was a raw-material reservoir for the societies existing around it, which were never been studied in detail. The work of the Polish-Mongolian archaeological expedition in 2015-2016 in the region of the Gobi Altai was aimed at assessing the research potential and determining the geographical range of the future research around the Flint Valley. The results of our survey have been already published (Masoj\u0107 et al. <a href=\"https:\/\/www.academia.edu\/37556277\/Around_the_Flint_Valley_Surveying_the_Stone_Age_of_the_borderland_area_between_the_Altai_Mountains_and_the_Gobi_Desert_in_Mongolia_Eurasian_Prehistory_14_1_2_3_22\" target=\"_blank\" rel=\"noreferrer noopener\">2017<\/a>, <a href=\"https:\/\/www.sciencedirect.com\/science\/article\/pii\/S1631068319300570?via%3Dihub\" target=\"_blank\" rel=\"noreferrer noopener\">2019<\/a>). We discovered that around Flint Valley a very dense Stone Age settlement both in the mountains and in the lowlands was present. Investigation of this settlement would be the main goal of the project. We would like to establish in detail who had been living around Flint Valley and had been using it as a flint source. Potential research around the Flint Valley, area of great importance for understanding the Eurasian Stone Age, would allow the reconstruction of a local settlements patterns of its earliest inhabitants. This would allow analysing of the nature of Palaeolithic and Neolithic human activities in supra-regional scale.<\/p>\n\n\n\n<p>This project is conducted by University of Wroclaw, in coparation with Mongolian Academy of Science, Mongolian State University of Education, and Gdansk Archaeological Museum.<\/p>\n\n\n\n<figure class=\"wp-block-video\"><video height=\"720\" style=\"aspect-ratio: 1280 \/ 720;\" width=\"1280\" controls=\"\" src=\"https:\/\/archeo.mongolia.uwr.edu.pl\/wp-content\/uploads\/sites\/312\/2023\/07\/Projekt_Mongolia-1.mp4\"><\/video><\/figure>\n<\/div><\/div><\/div><\/div><\/div><\/div>\n<\/div><\/div><\/div><\/div><\/div><\/div>\n","protected":false},"excerpt":{"rendered":"<p>The aim of the project is to analyse the nature of prehistoric settlement around the area of the so-called Tsakhiurtyn Hondi (eng. Flint Valley; rus. Kriemiennaja Dolina), located in the territory of southern Gobi province on the border with Altai Mountains, about 700km to the South from the capital city of Mongolia &#8211; Ulan Bator. [&hellip;]<\/p>\n","protected":false},"author":840,"featured_media":0,"parent":0,"menu_order":0,"comment_status":"closed","ping_status":"closed","template":"","meta":{"_acf_changed":false,"inline_featured_image":false,"site-sidebar-layout":"default","site-content-layout":"","ast-site-content-layout":"default","site-content-style":"default","site-sidebar-style":"default","ast-global-header-display":"","ast-banner-title-visibility":"","ast-main-header-display":"","ast-hfb-above-header-display":"","ast-hfb-below-header-display":"","ast-hfb-mobile-header-display":"","site-post-title":"","ast-breadcrumbs-content":"","ast-featured-img":"","footer-sml-layout":"","ast-disable-related-posts":"","theme-transparent-header-meta":"","adv-header-id-meta":"","stick-header-meta":"","header-above-stick-meta":"","header-main-stick-meta":"","header-below-stick-meta":"","astra-migrate-meta-layouts":"default","ast-page-background-enabled":"default","ast-page-background-meta":{"desktop":{"background-color":"","background-image":"","background-repeat":"repeat","background-position":"center center","background-size":"auto","background-attachment":"scroll","background-type":"","background-media":"","overlay-type":"","overlay-color":"","overlay-opacity":"","overlay-gradient":""},"tablet":{"background-color":"","background-image":"","background-repeat":"repeat","background-position":"center center","background-size":"auto","background-attachment":"scroll","background-type":"","background-media":"","overlay-type":"","overlay-color":"","overlay-opacity":"","overlay-gradient":""},"mobile":{"background-color":"","background-image":"","background-repeat":"repeat","background-position":"center center","background-size":"auto","background-attachment":"scroll","background-type":"","background-media":"","overlay-type":"","overlay-color":"","overlay-opacity":"","overlay-gradient":""}},"ast-content-background-meta":{"desktop":{"background-color":"var(--ast-global-color-5)","background-image":"","background-repeat":"repeat","background-position":"center center","background-size":"auto","background-attachment":"scroll","background-type":"","background-media":"","overlay-type":"","overlay-color":"","overlay-opacity":"","overlay-gradient":""},"tablet":{"background-color":"var(--ast-global-color-5)","background-image":"","background-repeat":"repeat","background-position":"center center","background-size":"auto","background-attachment":"scroll","background-type":"","background-media":"","overlay-type":"","overlay-color":"","overlay-opacity":"","overlay-gradient":""},"mobile":{"background-color":"var(--ast-global-color-5)","background-image":"","background-repeat":"repeat","background-position":"center center","background-size":"auto","background-attachment":"scroll","background-type":"","background-media":"","overlay-type":"","overlay-color":"","overlay-opacity":"","overlay-gradient":""}},"footnotes":""},"categories":[],"tags":[],"class_list":["post-24260","page","type-page","status-publish","hentry"],"featured_image_urls_v2":{"full":"","thumbnail":"","medium":"","medium_large":"","large":"","1536x1536":"","2048x2048":"","menu-24x24":"","menu-36x36":"","menu-48x48":""},"post_excerpt_stackable_v2":"<p>about the Project The aim of the project is to analyse the nature of prehistoric settlement around the area of the so-called Tsakhiurtyn Hondi (eng. Flint Valley; rus. Kriemiennaja Dolina), located in the territory of southern Gobi province on the border with Altai Mountains, about 700km to the South from the capital city of Mongolia &#8211; Ulan Bator. Despite numerous remains of settlement from the Stone Age, only a limited archaeological research so far was conducted there Flint Valley is one of the biggest archaeological sites in Asia and it contains remains of almost entire Pleistocene. The area was named&hellip;<\/p>\n","category_list_v2":"Uncategorized","author_info_v2":{"name":"marek.grzeskowiak2@uwr.edu.pl","url":"https:\/\/archeo.mongolia.uwr.edu.pl\/en\/author\/marek-grzeskowiak2uwr-edu-pl\/"},"comments_num_v2":"0 comments","acf":[],"yoast_head":"<!-- This site is optimized with the Yoast SEO plugin v27.1.1 - https:\/\/yoast.com\/product\/yoast-seo-wordpress\/ -->\n<title>about the Project - Wok\u00f3\u0142 Tsakhiurtyn Hondi. Badania epoki kamienia pogranicza A\u0142taju i Pustyni Gobi w Mongolii<\/title>\n<meta name=\"robots\" content=\"index, follow, max-snippet:-1, max-image-preview:large, max-video-preview:-1\" \/>\n<link rel=\"canonical\" href=\"https:\/\/archeo.mongolia.uwr.edu.pl\/en\/about-the-project\/\" \/>\n<meta property=\"og:locale\" content=\"en_US\" \/>\n<meta property=\"og:type\" content=\"article\" \/>\n<meta property=\"og:title\" content=\"about the Project - Wok\u00f3\u0142 Tsakhiurtyn Hondi. Badania epoki kamienia pogranicza A\u0142taju i Pustyni Gobi w Mongolii\" \/>\n<meta property=\"og:description\" content=\"The aim of the project is to analyse the nature of prehistoric settlement around the area of the so-called Tsakhiurtyn Hondi (eng. Flint Valley; rus. Kriemiennaja Dolina), located in the territory of southern Gobi province on the border with Altai Mountains, about 700km to the South from the capital city of Mongolia &#8211; Ulan Bator. [&hellip;]\" \/>\n<meta property=\"og:url\" content=\"https:\/\/archeo.mongolia.uwr.edu.pl\/en\/about-the-project\/\" \/>\n<meta property=\"og:site_name\" content=\"Wok\u00f3\u0142 Tsakhiurtyn Hondi. Badania epoki kamienia pogranicza A\u0142taju i Pustyni Gobi w Mongolii\" \/>\n<meta property=\"article:modified_time\" content=\"2023-07-06T06:35:37+00:00\" \/>\n<meta property=\"og:image\" content=\"https:\/\/archeo.mongolia.uwr.edu.pl\/wp-content\/uploads\/sites\/312\/2023\/07\/team-na-pustyni-scaled.jpg\" \/>\n<meta name=\"twitter:card\" content=\"summary_large_image\" \/>\n<meta name=\"twitter:label1\" content=\"Est. reading time\" \/>\n\t<meta name=\"twitter:data1\" content=\"4 minutes\" \/>\n<script type=\"application\/ld+json\" class=\"yoast-schema-graph\">{\"@context\":\"https:\/\/schema.org\",\"@graph\":[{\"@type\":\"WebPage\",\"@id\":\"https:\/\/archeo.mongolia.uwr.edu.pl\/en\/about-the-project\/\",\"url\":\"https:\/\/archeo.mongolia.uwr.edu.pl\/en\/about-the-project\/\",\"name\":\"about the Project - Wok\u00f3\u0142 Tsakhiurtyn Hondi. Badania epoki kamienia pogranicza A\u0142taju i Pustyni Gobi w Mongolii\",\"isPartOf\":{\"@id\":\"https:\/\/archeo.mongolia.uwr.edu.pl\/#website\"},\"primaryImageOfPage\":{\"@id\":\"https:\/\/archeo.mongolia.uwr.edu.pl\/en\/about-the-project\/#primaryimage\"},\"image\":{\"@id\":\"https:\/\/archeo.mongolia.uwr.edu.pl\/en\/about-the-project\/#primaryimage\"},\"thumbnailUrl\":\"https:\/\/archeo.mongolia.uwr.edu.pl\/wp-content\/uploads\/sites\/312\/2023\/07\/team-na-pustyni-scaled.jpg\",\"datePublished\":\"2023-07-03T12:55:09+00:00\",\"dateModified\":\"2023-07-06T06:35:37+00:00\",\"breadcrumb\":{\"@id\":\"https:\/\/archeo.mongolia.uwr.edu.pl\/en\/about-the-project\/#breadcrumb\"},\"inLanguage\":\"en-US\",\"potentialAction\":[{\"@type\":\"ReadAction\",\"target\":[\"https:\/\/archeo.mongolia.uwr.edu.pl\/en\/about-the-project\/\"]}]},{\"@type\":\"ImageObject\",\"inLanguage\":\"en-US\",\"@id\":\"https:\/\/archeo.mongolia.uwr.edu.pl\/en\/about-the-project\/#primaryimage\",\"url\":\"https:\/\/archeo.mongolia.uwr.edu.pl\/wp-content\/uploads\/sites\/312\/2023\/07\/team-na-pustyni-scaled.jpg\",\"contentUrl\":\"https:\/\/archeo.mongolia.uwr.edu.pl\/wp-content\/uploads\/sites\/312\/2023\/07\/team-na-pustyni-scaled.jpg\"},{\"@type\":\"BreadcrumbList\",\"@id\":\"https:\/\/archeo.mongolia.uwr.edu.pl\/en\/about-the-project\/#breadcrumb\",\"itemListElement\":[{\"@type\":\"ListItem\",\"position\":1,\"name\":\"Strona g\u0142\u00f3wna\",\"item\":\"https:\/\/archeo.mongolia.uwr.edu.pl\/en\/strona-glowna2-2\/\"},{\"@type\":\"ListItem\",\"position\":2,\"name\":\"about the Project\"}]},{\"@type\":\"WebSite\",\"@id\":\"https:\/\/archeo.mongolia.uwr.edu.pl\/#website\",\"url\":\"https:\/\/archeo.mongolia.uwr.edu.pl\/\",\"name\":\"Wok\u00f3\u0142 Tsakhiurtyn Hondi. Badania epoki kamienia pogranicza A\u0142taju i Pustyni Gobi w Mongolii\",\"description\":\"Kolejna witryna sieci \u201eUWR Witryny\u201d\",\"publisher\":{\"@id\":\"https:\/\/archeo.mongolia.uwr.edu.pl\/#organization\"},\"potentialAction\":[{\"@type\":\"SearchAction\",\"target\":{\"@type\":\"EntryPoint\",\"urlTemplate\":\"https:\/\/archeo.mongolia.uwr.edu.pl\/?s={search_term_string}\"},\"query-input\":{\"@type\":\"PropertyValueSpecification\",\"valueRequired\":true,\"valueName\":\"search_term_string\"}}],\"inLanguage\":\"en-US\"},{\"@type\":\"Organization\",\"@id\":\"https:\/\/archeo.mongolia.uwr.edu.pl\/#organization\",\"name\":\"Wok\u00f3\u0142 Tsakhiurtyn Hondi. Badania epoki kamienia pogranicza A\u0142taju i Pustyni Gobi w Mongolii\",\"url\":\"https:\/\/archeo.mongolia.uwr.edu.pl\/\",\"logo\":{\"@type\":\"ImageObject\",\"inLanguage\":\"en-US\",\"@id\":\"https:\/\/archeo.mongolia.uwr.edu.pl\/#\/schema\/logo\/image\/\",\"url\":\"https:\/\/archeo.mongolia.uwr.edu.pl\/wp-content\/uploads\/sites\/312\/2025\/10\/UWr-logotyp-2025.png\",\"contentUrl\":\"https:\/\/archeo.mongolia.uwr.edu.pl\/wp-content\/uploads\/sites\/312\/2025\/10\/UWr-logotyp-2025.png\",\"width\":764,\"height\":269,\"caption\":\"Wok\u00f3\u0142 Tsakhiurtyn Hondi. Badania epoki kamienia pogranicza A\u0142taju i Pustyni Gobi w Mongolii\"},\"image\":{\"@id\":\"https:\/\/archeo.mongolia.uwr.edu.pl\/#\/schema\/logo\/image\/\"}}]}<\/script>\n<!-- \/ Yoast SEO plugin. -->","yoast_head_json":{"title":"about the Project - Wok\u00f3\u0142 Tsakhiurtyn Hondi. Badania epoki kamienia pogranicza A\u0142taju i Pustyni Gobi w Mongolii","robots":{"index":"index","follow":"follow","max-snippet":"max-snippet:-1","max-image-preview":"max-image-preview:large","max-video-preview":"max-video-preview:-1"},"canonical":"https:\/\/archeo.mongolia.uwr.edu.pl\/en\/about-the-project\/","og_locale":"en_US","og_type":"article","og_title":"about the Project - Wok\u00f3\u0142 Tsakhiurtyn Hondi. Badania epoki kamienia pogranicza A\u0142taju i Pustyni Gobi w Mongolii","og_description":"The aim of the project is to analyse the nature of prehistoric settlement around the area of the so-called Tsakhiurtyn Hondi (eng. Flint Valley; rus. Kriemiennaja Dolina), located in the territory of southern Gobi province on the border with Altai Mountains, about 700km to the South from the capital city of Mongolia &#8211; Ulan Bator. [&hellip;]","og_url":"https:\/\/archeo.mongolia.uwr.edu.pl\/en\/about-the-project\/","og_site_name":"Wok\u00f3\u0142 Tsakhiurtyn Hondi. Badania epoki kamienia pogranicza A\u0142taju i Pustyni Gobi w Mongolii","article_modified_time":"2023-07-06T06:35:37+00:00","og_image":[{"url":"https:\/\/archeo.mongolia.uwr.edu.pl\/wp-content\/uploads\/sites\/312\/2023\/07\/team-na-pustyni-scaled.jpg","type":"","width":"","height":""}],"twitter_card":"summary_large_image","twitter_misc":{"Est. reading time":"4 minutes"},"schema":{"@context":"https:\/\/schema.org","@graph":[{"@type":"WebPage","@id":"https:\/\/archeo.mongolia.uwr.edu.pl\/en\/about-the-project\/","url":"https:\/\/archeo.mongolia.uwr.edu.pl\/en\/about-the-project\/","name":"about the Project - Wok\u00f3\u0142 Tsakhiurtyn Hondi. Badania epoki kamienia pogranicza A\u0142taju i Pustyni Gobi w Mongolii","isPartOf":{"@id":"https:\/\/archeo.mongolia.uwr.edu.pl\/#website"},"primaryImageOfPage":{"@id":"https:\/\/archeo.mongolia.uwr.edu.pl\/en\/about-the-project\/#primaryimage"},"image":{"@id":"https:\/\/archeo.mongolia.uwr.edu.pl\/en\/about-the-project\/#primaryimage"},"thumbnailUrl":"https:\/\/archeo.mongolia.uwr.edu.pl\/wp-content\/uploads\/sites\/312\/2023\/07\/team-na-pustyni-scaled.jpg","datePublished":"2023-07-03T12:55:09+00:00","dateModified":"2023-07-06T06:35:37+00:00","breadcrumb":{"@id":"https:\/\/archeo.mongolia.uwr.edu.pl\/en\/about-the-project\/#breadcrumb"},"inLanguage":"en-US","potentialAction":[{"@type":"ReadAction","target":["https:\/\/archeo.mongolia.uwr.edu.pl\/en\/about-the-project\/"]}]},{"@type":"ImageObject","inLanguage":"en-US","@id":"https:\/\/archeo.mongolia.uwr.edu.pl\/en\/about-the-project\/#primaryimage","url":"https:\/\/archeo.mongolia.uwr.edu.pl\/wp-content\/uploads\/sites\/312\/2023\/07\/team-na-pustyni-scaled.jpg","contentUrl":"https:\/\/archeo.mongolia.uwr.edu.pl\/wp-content\/uploads\/sites\/312\/2023\/07\/team-na-pustyni-scaled.jpg"},{"@type":"BreadcrumbList","@id":"https:\/\/archeo.mongolia.uwr.edu.pl\/en\/about-the-project\/#breadcrumb","itemListElement":[{"@type":"ListItem","position":1,"name":"Strona g\u0142\u00f3wna","item":"https:\/\/archeo.mongolia.uwr.edu.pl\/en\/strona-glowna2-2\/"},{"@type":"ListItem","position":2,"name":"about the Project"}]},{"@type":"WebSite","@id":"https:\/\/archeo.mongolia.uwr.edu.pl\/#website","url":"https:\/\/archeo.mongolia.uwr.edu.pl\/","name":"Wok\u00f3\u0142 Tsakhiurtyn Hondi. Badania epoki kamienia pogranicza A\u0142taju i Pustyni Gobi w Mongolii","description":"Kolejna witryna sieci \u201eUWR Witryny\u201d","publisher":{"@id":"https:\/\/archeo.mongolia.uwr.edu.pl\/#organization"},"potentialAction":[{"@type":"SearchAction","target":{"@type":"EntryPoint","urlTemplate":"https:\/\/archeo.mongolia.uwr.edu.pl\/?s={search_term_string}"},"query-input":{"@type":"PropertyValueSpecification","valueRequired":true,"valueName":"search_term_string"}}],"inLanguage":"en-US"},{"@type":"Organization","@id":"https:\/\/archeo.mongolia.uwr.edu.pl\/#organization","name":"Wok\u00f3\u0142 Tsakhiurtyn Hondi. Badania epoki kamienia pogranicza A\u0142taju i Pustyni Gobi w Mongolii","url":"https:\/\/archeo.mongolia.uwr.edu.pl\/","logo":{"@type":"ImageObject","inLanguage":"en-US","@id":"https:\/\/archeo.mongolia.uwr.edu.pl\/#\/schema\/logo\/image\/","url":"https:\/\/archeo.mongolia.uwr.edu.pl\/wp-content\/uploads\/sites\/312\/2025\/10\/UWr-logotyp-2025.png","contentUrl":"https:\/\/archeo.mongolia.uwr.edu.pl\/wp-content\/uploads\/sites\/312\/2025\/10\/UWr-logotyp-2025.png","width":764,"height":269,"caption":"Wok\u00f3\u0142 Tsakhiurtyn Hondi. Badania epoki kamienia pogranicza A\u0142taju i Pustyni Gobi w Mongolii"},"image":{"@id":"https:\/\/archeo.mongolia.uwr.edu.pl\/#\/schema\/logo\/image\/"}}]}},"publishpress_future_action":{"enabled":false,"date":"2026-05-23 06:06:53","action":"change-status","newStatus":"draft","terms":[],"taxonomy":"category","extraData":[]},"publishpress_future_workflow_manual_trigger":{"enabledWorkflows":[]},"_links":{"self":[{"href":"https:\/\/archeo.mongolia.uwr.edu.pl\/en\/wp-json\/wp\/v2\/pages\/24260\/"}],"collection":[{"href":"https:\/\/archeo.mongolia.uwr.edu.pl\/en\/wp-json\/wp\/v2\/pages\/"}],"about":[{"href":"https:\/\/archeo.mongolia.uwr.edu.pl\/en\/wp-json\/wp\/v2\/types\/page\/"}],"author":[{"embeddable":true,"href":"https:\/\/archeo.mongolia.uwr.edu.pl\/en\/wp-json\/wp\/v2\/users\/840\/"}],"replies":[{"embeddable":true,"href":"https:\/\/archeo.mongolia.uwr.edu.pl\/en\/wp-json\/wp\/v2\/comments\/?post=24260"}],"version-history":[{"count":17,"href":"https:\/\/archeo.mongolia.uwr.edu.pl\/en\/wp-json\/wp\/v2\/pages\/24260\/revisions\/"}],"predecessor-version":[{"id":25019,"href":"https:\/\/archeo.mongolia.uwr.edu.pl\/en\/wp-json\/wp\/v2\/pages\/24260\/revisions\/25019\/"}],"wp:attachment":[{"href":"https:\/\/archeo.mongolia.uwr.edu.pl\/en\/wp-json\/wp\/v2\/media\/?parent=24260"}],"wp:term":[{"taxonomy":"category","embeddable":true,"href":"https:\/\/archeo.mongolia.uwr.edu.pl\/en\/wp-json\/wp\/v2\/categories\/?post=24260"},{"taxonomy":"post_tag","embeddable":true,"href":"https:\/\/archeo.mongolia.uwr.edu.pl\/en\/wp-json\/wp\/v2\/tags\/?post=24260"}],"curies":[{"name":"wp","href":"https:\/\/api.w.org\/{rel}","templated":true}]}}