{"id":24896,"date":"2023-07-03T16:07:47","date_gmt":"2023-07-03T14:07:47","guid":{"rendered":"https:\/\/archeo.mongolia.uwr.edu.pl\/contact\/"},"modified":"2023-07-03T16:07:51","modified_gmt":"2023-07-03T14:07:51","slug":"contact","status":"publish","type":"page","link":"https:\/\/archeo.mongolia.uwr.edu.pl\/en\/contact\/","title":{"rendered":"Contact"},"content":{"rendered":"\n<div class=\"alignfull wp-block-ugb-container ugb-container podstrona_sekcje ugb-12c4a27 ugb-container--v2 ugb-container--design-plain ugb-main-block\"><style>@media screen and (min-width:768px){.ugb-12c4a27.ugb-container{margin-bottom:0px !important;padding-right:0px !important;padding-bottom:50px !important;padding-left:0px !important}}@media screen and (min-width:768px){.ugb-12c4a27 > .ugb-inner-block > .ugb-block-content > *{padding-top:0px !important;padding-bottom:0px !important;padding-right:0px !important;padding-left:0px !important}}<\/style><div class=\"ugb-inner-block\"><div class=\"ugb-block-content\"><div class=\"ugb-container__wrapper ugb-12c4a27-wrapper\"><div class=\"ugb-container__side\"><div class=\"ugb-container__content-wrapper ugb-12c4a27-content-wrapper\">\n<div class=\"wp-block-media-text alignwide is-stacked-on-mobile is-vertically-aligned-top is-image-fill bs-naglowek-szablonu-kolumny\"><figure class=\"wp-block-media-text__media\" style=\"background-image:url(https:\/\/archeo.mongolia.uwr.edu.pl\/wp-content\/uploads\/sites\/312\/2023\/07\/DSC2898-688x1024.jpg);background-position:50% 50%\"><img loading=\"lazy\" decoding=\"async\" width=\"688\" height=\"1024\" src=\"https:\/\/archeo.mongolia.uwr.edu.pl\/wp-content\/uploads\/sites\/312\/2023\/07\/DSC2898-688x1024.jpg\" alt=\"flint artefacts\" class=\"wp-image-24131 size-full\" srcset=\"https:\/\/archeo.mongolia.uwr.edu.pl\/wp-content\/uploads\/sites\/312\/2023\/07\/DSC2898-688x1024.jpg 688w, https:\/\/archeo.mongolia.uwr.edu.pl\/wp-content\/uploads\/sites\/312\/2023\/07\/DSC2898-201x300.jpg 201w, https:\/\/archeo.mongolia.uwr.edu.pl\/wp-content\/uploads\/sites\/312\/2023\/07\/DSC2898-768x1144.jpg 768w, https:\/\/archeo.mongolia.uwr.edu.pl\/wp-content\/uploads\/sites\/312\/2023\/07\/DSC2898-1031x1536.jpg 1031w, https:\/\/archeo.mongolia.uwr.edu.pl\/wp-content\/uploads\/sites\/312\/2023\/07\/DSC2898-1320x1966.jpg 1320w, https:\/\/archeo.mongolia.uwr.edu.pl\/wp-content\/uploads\/sites\/312\/2023\/07\/DSC2898-16x24.jpg 16w, https:\/\/archeo.mongolia.uwr.edu.pl\/wp-content\/uploads\/sites\/312\/2023\/07\/DSC2898-24x36.jpg 24w, https:\/\/archeo.mongolia.uwr.edu.pl\/wp-content\/uploads\/sites\/312\/2023\/07\/DSC2898-32x48.jpg 32w, https:\/\/archeo.mongolia.uwr.edu.pl\/wp-content\/uploads\/sites\/312\/2023\/07\/DSC2898.jpg 1343w\" sizes=\"auto, (max-width: 688px) 100vw, 688px\" \/><\/figure><div class=\"wp-block-media-text__content\">\n<div class=\"wp-block-bonasoft-modular-breadcrumbs-block\"><div class=\"bs_add_breadcrumb_trail\"><\/div><\/div>\n\n\n\n<hr class=\"wp-block-separator has-text-color has-black-color has-css-opacity has-black-background-color has-background is-style-wide bs-border-kontakt\"\/>\n\n\n<h1 style=\"font-style:normal;font-weight:700;\" class=\"bs-naglowek-podstrony wp-block-post-title\">Contact<\/h1>\n\n\n<div style=\"height:50px\" aria-hidden=\"true\" class=\"wp-block-spacer\"><\/div>\n\n\n\n<p>Miros\u0142aw Masoj\u0107<\/p>\n\n\n\n<p><img loading=\"lazy\" decoding=\"async\" width=\"20\" height=\"20\" class=\"wp-image-23583\" style=\"width: 20px;\" src=\"https:\/\/archeo.mongolia.uwr.edu.pl\/wp-content\/uploads\/sites\/312\/2022\/11\/dom.png\" alt=\"building icon\" srcset=\"https:\/\/archeo.mongolia.uwr.edu.pl\/wp-content\/uploads\/sites\/312\/2022\/11\/dom.png 194w, https:\/\/archeo.mongolia.uwr.edu.pl\/wp-content\/uploads\/sites\/312\/2022\/11\/dom-150x150.png 150w, https:\/\/archeo.mongolia.uwr.edu.pl\/wp-content\/uploads\/sites\/312\/2022\/11\/dom-24x24.png 24w, https:\/\/archeo.mongolia.uwr.edu.pl\/wp-content\/uploads\/sites\/312\/2022\/11\/dom-36x36.png 36w, https:\/\/archeo.mongolia.uwr.edu.pl\/wp-content\/uploads\/sites\/312\/2022\/11\/dom-48x48.png 48w\" sizes=\"auto, (max-width: 20px) 100vw, 20px\" \/>  <strong>Address:<\/strong> Szewska 48, 50-139 Wroc\u0142aw<\/p>\n\n\n\n<p><img loading=\"lazy\" decoding=\"async\" width=\"20\" height=\"20\" class=\"wp-image-23571\" style=\"width: 20px;\" src=\"https:\/\/archeo.mongolia.uwr.edu.pl\/wp-content\/uploads\/sites\/312\/2022\/11\/telefon.png\" alt=\"phone icon\" srcset=\"https:\/\/archeo.mongolia.uwr.edu.pl\/wp-content\/uploads\/sites\/312\/2022\/11\/telefon.png 221w, https:\/\/archeo.mongolia.uwr.edu.pl\/wp-content\/uploads\/sites\/312\/2022\/11\/telefon-150x150.png 150w, https:\/\/archeo.mongolia.uwr.edu.pl\/wp-content\/uploads\/sites\/312\/2022\/11\/telefon-24x24.png 24w, https:\/\/archeo.mongolia.uwr.edu.pl\/wp-content\/uploads\/sites\/312\/2022\/11\/telefon-36x36.png 36w, https:\/\/archeo.mongolia.uwr.edu.pl\/wp-content\/uploads\/sites\/312\/2022\/11\/telefon-48x48.png 48w\" sizes=\"auto, (max-width: 20px) 100vw, 20px\" \/> <strong>Phone:<\/strong> +48 71 375 27 02<\/p>\n\n\n\n<p><img loading=\"lazy\" decoding=\"async\" width=\"20\" height=\"16\" class=\"wp-image-23595\" style=\"width: 20px;\" src=\"https:\/\/archeo.mongolia.uwr.edu.pl\/wp-content\/uploads\/sites\/312\/2022\/11\/koperta.png\" alt=\"e-mail icon\" srcset=\"https:\/\/archeo.mongolia.uwr.edu.pl\/wp-content\/uploads\/sites\/312\/2022\/11\/koperta.png 281w, https:\/\/archeo.mongolia.uwr.edu.pl\/wp-content\/uploads\/sites\/312\/2022\/11\/koperta-24x19.png 24w, https:\/\/archeo.mongolia.uwr.edu.pl\/wp-content\/uploads\/sites\/312\/2022\/11\/koperta-36x29.png 36w, https:\/\/archeo.mongolia.uwr.edu.pl\/wp-content\/uploads\/sites\/312\/2022\/11\/koperta-48x38.png 48w\" sizes=\"auto, (max-width: 20px) 100vw, 20px\" \/>  <strong>E-mail:<\/strong> <a href=\"mailto:miroslaw.masojc@uwr.edu.pl\" target=\"_blank\" rel=\"noreferrer noopener\">miroslaw.masojc@uwr.edu.pl<\/a><\/p>\n\n\n\n<p> <img loading=\"lazy\" decoding=\"async\" width=\"15\" height=\"21\" class=\"wp-image-23565\" style=\"width: 15px;\" src=\"https:\/\/archeo.mongolia.uwr.edu.pl\/wp-content\/uploads\/sites\/312\/2022\/11\/strzalka.png\" alt=\"mouse cursor icon\" srcset=\"https:\/\/archeo.mongolia.uwr.edu.pl\/wp-content\/uploads\/sites\/312\/2022\/11\/strzalka.png 122w, https:\/\/archeo.mongolia.uwr.edu.pl\/wp-content\/uploads\/sites\/312\/2022\/11\/strzalka-17x24.png 17w, https:\/\/archeo.mongolia.uwr.edu.pl\/wp-content\/uploads\/sites\/312\/2022\/11\/strzalka-26x36.png 26w, https:\/\/archeo.mongolia.uwr.edu.pl\/wp-content\/uploads\/sites\/312\/2022\/11\/strzalka-35x48.png 35w\" sizes=\"auto, (max-width: 15px) 100vw, 15px\" \/> <strong>Website: <\/strong><a href=\"http:\/\/archeo.mongolia.uwr.edu.pl\" target=\"_blank\" rel=\"noreferrer noopener\">archeo.mongolia.uwr.edu.pl<\/a><\/p>\n<\/div><\/div>\n\n\n\n<div class=\"wp-block-ugb-container ugb-container ugb-002ab8b ugb-container--v2 ugb-container--design-plain ugb-main-block\"><style>@media screen and (min-width:768px){.ugb-002ab8b.ugb-container{margin-bottom:0% !important;margin-right:6% !important;margin-left:6% !important}}@media screen and (min-width:768px){.ugb-002ab8b > .ugb-inner-block > .ugb-block-content > *{padding-top:0px !important;padding-bottom:0px !important;padding-right:0px !important;padding-left:0px !important}}<\/style><div class=\"ugb-inner-block\"><div class=\"ugb-block-content\"><div class=\"ugb-container__wrapper ugb-002ab8b-wrapper\"><div class=\"ugb-container__side\"><div class=\"ugb-container__content-wrapper ugb-002ab8b-content-wrapper\">\n<div class=\"wp-block-ugb-columns ugb-columns ugb-1e69b3b ugb-columns--design-plain ugb-columns--columns-2 ugb-main-block\"><div class=\"ugb-inner-block\"><div class=\"ugb-block-content\"><div class=\"ugb-columns__item ugb-1e69b3b-content-wrapper\">\n<div class=\"wp-block-ugb-column ugb-column ugb-2684867 ugb-column--design-plain ugb-main-block\"><div class=\"ugb-inner-block\"><div class=\"ugb-block-content\"><div class=\"ugb-column__item ugb-2684867-column-wrapper\"><div class=\"ugb-column__content-wrapper\"><\/div><\/div><\/div><\/div><\/div>\n\n\n\n<div class=\"wp-block-ugb-column ugb-column ugb-0699a89 ugb-column--design-plain ugb-main-block\"><div class=\"ugb-inner-block\"><div class=\"ugb-block-content\"><div class=\"ugb-column__item ugb-0699a89-column-wrapper\"><div class=\"ugb-column__content-wrapper\">\n<div style=\"height:100px\" aria-hidden=\"true\" class=\"wp-block-spacer\"><\/div>\n<\/div><\/div><\/div><\/div><\/div>\n<\/div><\/div><\/div><\/div>\n\n\n\n<p><\/p>\n<\/div><\/div><\/div><\/div><\/div><\/div>\n\n\n\n<p><\/p>\n<\/div><\/div><\/div><\/div><\/div><\/div>\n","protected":false},"excerpt":{"rendered":"<p>Miros\u0142aw Masoj\u0107 Address: Szewska 48, 50-139 Wroc\u0142aw Phone: +48 71 375 27 02 E-mail: miroslaw.masojc@uwr.edu.pl Website: archeo.mongolia.uwr.edu.pl<\/p>\n","protected":false},"author":20,"featured_media":0,"parent":0,"menu_order":0,"comment_status":"closed","ping_status":"closed","template":"","meta":{"_acf_changed":false,"inline_featured_image":false,"site-sidebar-layout":"no-sidebar","site-content-layout":"page-builder","ast-site-content-layout":"default","site-content-style":"default","site-sidebar-style":"default","ast-global-header-display":"","ast-banner-title-visibility":"","ast-main-header-display":"disabled","ast-hfb-above-header-display":"disabled","ast-hfb-below-header-display":"","ast-hfb-mobile-header-display":"","site-post-title":"disabled","ast-breadcrumbs-content":"","ast-featured-img":"","footer-sml-layout":"","ast-disable-related-posts":"","theme-transparent-header-meta":"default","adv-header-id-meta":"","stick-header-meta":"","header-above-stick-meta":"","header-main-stick-meta":"","header-below-stick-meta":"","astra-migrate-meta-layouts":"default","ast-page-background-enabled":"default","ast-page-background-meta":{"desktop":{"background-color":"","background-image":"","background-repeat":"repeat","background-position":"center center","background-size":"auto","background-attachment":"scroll","background-type":"","background-media":"","overlay-type":"","overlay-color":"","overlay-opacity":"","overlay-gradient":""},"tablet":{"background-color":"","background-image":"","background-repeat":"repeat","background-position":"center center","background-size":"auto","background-attachment":"scroll","background-type":"","background-media":"","overlay-type":"","overlay-color":"","overlay-opacity":"","overlay-gradient":""},"mobile":{"background-color":"","background-image":"","background-repeat":"repeat","background-position":"center center","background-size":"auto","background-attachment":"scroll","background-type":"","background-media":"","overlay-type":"","overlay-color":"","overlay-opacity":"","overlay-gradient":""}},"ast-content-background-meta":{"desktop":{"background-color":"var(--ast-global-color-5)","background-image":"","background-repeat":"repeat","background-position":"center center","background-size":"auto","background-attachment":"scroll","background-type":"","background-media":"","overlay-type":"","overlay-color":"","overlay-opacity":"","overlay-gradient":""},"tablet":{"background-color":"var(--ast-global-color-5)","background-image":"","background-repeat":"repeat","background-position":"center center","background-size":"auto","background-attachment":"scroll","background-type":"","background-media":"","overlay-type":"","overlay-color":"","overlay-opacity":"","overlay-gradient":""},"mobile":{"background-color":"var(--ast-global-color-5)","background-image":"","background-repeat":"repeat","background-position":"center center","background-size":"auto","background-attachment":"scroll","background-type":"","background-media":"","overlay-type":"","overlay-color":"","overlay-opacity":"","overlay-gradient":""}},"footnotes":""},"categories":[],"tags":[],"class_list":["post-24896","page","type-page","status-publish","hentry"],"featured_image_urls_v2":{"full":"","thumbnail":"","medium":"","medium_large":"","large":"","1536x1536":"","2048x2048":"","menu-24x24":"","menu-36x36":"","menu-48x48":""},"post_excerpt_stackable_v2":"<p>Contact Miros\u0142aw Masoj\u0107 Address: Szewska 48, 50-139 Wroc\u0142aw Phone: +48 71 375 27 02 E-mail: miroslaw.masojc@uwr.edu.pl Website: archeo.mongolia.uwr.edu.pl<\/p>\n","category_list_v2":"Uncategorized","author_info_v2":{"name":"mmatlinski","url":"https:\/\/archeo.mongolia.uwr.edu.pl\/en\/author\/mmatlinski\/"},"comments_num_v2":"0 comments","acf":[],"yoast_head":"<!-- This site is optimized with the Yoast SEO plugin v27.1.1 - https:\/\/yoast.com\/product\/yoast-seo-wordpress\/ -->\n<title>Contact - Wok\u00f3\u0142 Tsakhiurtyn Hondi. Badania epoki kamienia pogranicza A\u0142taju i Pustyni Gobi w Mongolii<\/title>\n<meta name=\"robots\" content=\"index, follow, max-snippet:-1, max-image-preview:large, max-video-preview:-1\" \/>\n<link rel=\"canonical\" href=\"https:\/\/archeo.mongolia.uwr.edu.pl\/en\/contact\/\" \/>\n<meta property=\"og:locale\" content=\"en_US\" \/>\n<meta property=\"og:type\" content=\"article\" \/>\n<meta property=\"og:title\" content=\"Contact - Wok\u00f3\u0142 Tsakhiurtyn Hondi. Badania epoki kamienia pogranicza A\u0142taju i Pustyni Gobi w Mongolii\" \/>\n<meta property=\"og:description\" content=\"Miros\u0142aw Masoj\u0107 Address: Szewska 48, 50-139 Wroc\u0142aw Phone: +48 71 375 27 02 E-mail: miroslaw.masojc@uwr.edu.pl Website: archeo.mongolia.uwr.edu.pl\" \/>\n<meta property=\"og:url\" content=\"https:\/\/archeo.mongolia.uwr.edu.pl\/en\/contact\/\" \/>\n<meta property=\"og:site_name\" content=\"Wok\u00f3\u0142 Tsakhiurtyn Hondi. Badania epoki kamienia pogranicza A\u0142taju i Pustyni Gobi w Mongolii\" \/>\n<meta property=\"article:modified_time\" content=\"2023-07-03T14:07:51+00:00\" \/>\n<meta property=\"og:image\" content=\"https:\/\/archeo.mongolia.uwr.edu.pl\/wp-content\/uploads\/sites\/312\/2023\/07\/DSC2898-688x1024.jpg\" \/>\n<meta name=\"twitter:card\" content=\"summary_large_image\" \/>\n<script type=\"application\/ld+json\" class=\"yoast-schema-graph\">{\"@context\":\"https:\/\/schema.org\",\"@graph\":[{\"@type\":\"WebPage\",\"@id\":\"https:\/\/archeo.mongolia.uwr.edu.pl\/en\/contact\/\",\"url\":\"https:\/\/archeo.mongolia.uwr.edu.pl\/en\/contact\/\",\"name\":\"Contact - Wok\u00f3\u0142 Tsakhiurtyn Hondi. Badania epoki kamienia pogranicza A\u0142taju i Pustyni Gobi w Mongolii\",\"isPartOf\":{\"@id\":\"https:\/\/archeo.mongolia.uwr.edu.pl\/#website\"},\"primaryImageOfPage\":{\"@id\":\"https:\/\/archeo.mongolia.uwr.edu.pl\/en\/contact\/#primaryimage\"},\"image\":{\"@id\":\"https:\/\/archeo.mongolia.uwr.edu.pl\/en\/contact\/#primaryimage\"},\"thumbnailUrl\":\"https:\/\/archeo.mongolia.uwr.edu.pl\/wp-content\/uploads\/sites\/312\/2023\/07\/DSC2898-688x1024.jpg\",\"datePublished\":\"2023-07-03T14:07:47+00:00\",\"dateModified\":\"2023-07-03T14:07:51+00:00\",\"breadcrumb\":{\"@id\":\"https:\/\/archeo.mongolia.uwr.edu.pl\/en\/contact\/#breadcrumb\"},\"inLanguage\":\"en-US\",\"potentialAction\":[{\"@type\":\"ReadAction\",\"target\":[\"https:\/\/archeo.mongolia.uwr.edu.pl\/en\/contact\/\"]}]},{\"@type\":\"ImageObject\",\"inLanguage\":\"en-US\",\"@id\":\"https:\/\/archeo.mongolia.uwr.edu.pl\/en\/contact\/#primaryimage\",\"url\":\"https:\/\/archeo.mongolia.uwr.edu.pl\/wp-content\/uploads\/sites\/312\/2023\/07\/DSC2898-688x1024.jpg\",\"contentUrl\":\"https:\/\/archeo.mongolia.uwr.edu.pl\/wp-content\/uploads\/sites\/312\/2023\/07\/DSC2898-688x1024.jpg\"},{\"@type\":\"BreadcrumbList\",\"@id\":\"https:\/\/archeo.mongolia.uwr.edu.pl\/en\/contact\/#breadcrumb\",\"itemListElement\":[{\"@type\":\"ListItem\",\"position\":1,\"name\":\"Strona g\u0142\u00f3wna\",\"item\":\"https:\/\/archeo.mongolia.uwr.edu.pl\/en\/strona-glowna2-2\/\"},{\"@type\":\"ListItem\",\"position\":2,\"name\":\"Contact\"}]},{\"@type\":\"WebSite\",\"@id\":\"https:\/\/archeo.mongolia.uwr.edu.pl\/#website\",\"url\":\"https:\/\/archeo.mongolia.uwr.edu.pl\/\",\"name\":\"Wok\u00f3\u0142 Tsakhiurtyn Hondi. Badania epoki kamienia pogranicza A\u0142taju i Pustyni Gobi w Mongolii\",\"description\":\"Kolejna witryna sieci \u201eUWR Witryny\u201d\",\"publisher\":{\"@id\":\"https:\/\/archeo.mongolia.uwr.edu.pl\/#organization\"},\"potentialAction\":[{\"@type\":\"SearchAction\",\"target\":{\"@type\":\"EntryPoint\",\"urlTemplate\":\"https:\/\/archeo.mongolia.uwr.edu.pl\/?s={search_term_string}\"},\"query-input\":{\"@type\":\"PropertyValueSpecification\",\"valueRequired\":true,\"valueName\":\"search_term_string\"}}],\"inLanguage\":\"en-US\"},{\"@type\":\"Organization\",\"@id\":\"https:\/\/archeo.mongolia.uwr.edu.pl\/#organization\",\"name\":\"Wok\u00f3\u0142 Tsakhiurtyn Hondi. Badania epoki kamienia pogranicza A\u0142taju i Pustyni Gobi w Mongolii\",\"url\":\"https:\/\/archeo.mongolia.uwr.edu.pl\/\",\"logo\":{\"@type\":\"ImageObject\",\"inLanguage\":\"en-US\",\"@id\":\"https:\/\/archeo.mongolia.uwr.edu.pl\/#\/schema\/logo\/image\/\",\"url\":\"https:\/\/archeo.mongolia.uwr.edu.pl\/wp-content\/uploads\/sites\/312\/2025\/10\/UWr-logotyp-2025.png\",\"contentUrl\":\"https:\/\/archeo.mongolia.uwr.edu.pl\/wp-content\/uploads\/sites\/312\/2025\/10\/UWr-logotyp-2025.png\",\"width\":764,\"height\":269,\"caption\":\"Wok\u00f3\u0142 Tsakhiurtyn Hondi. Badania epoki kamienia pogranicza A\u0142taju i Pustyni Gobi w Mongolii\"},\"image\":{\"@id\":\"https:\/\/archeo.mongolia.uwr.edu.pl\/#\/schema\/logo\/image\/\"}}]}<\/script>\n<!-- \/ Yoast SEO plugin. -->","yoast_head_json":{"title":"Contact - Wok\u00f3\u0142 Tsakhiurtyn Hondi. Badania epoki kamienia pogranicza A\u0142taju i Pustyni Gobi w Mongolii","robots":{"index":"index","follow":"follow","max-snippet":"max-snippet:-1","max-image-preview":"max-image-preview:large","max-video-preview":"max-video-preview:-1"},"canonical":"https:\/\/archeo.mongolia.uwr.edu.pl\/en\/contact\/","og_locale":"en_US","og_type":"article","og_title":"Contact - Wok\u00f3\u0142 Tsakhiurtyn Hondi. Badania epoki kamienia pogranicza A\u0142taju i Pustyni Gobi w Mongolii","og_description":"Miros\u0142aw Masoj\u0107 Address: Szewska 48, 50-139 Wroc\u0142aw Phone: +48 71 375 27 02 E-mail: miroslaw.masojc@uwr.edu.pl Website: archeo.mongolia.uwr.edu.pl","og_url":"https:\/\/archeo.mongolia.uwr.edu.pl\/en\/contact\/","og_site_name":"Wok\u00f3\u0142 Tsakhiurtyn Hondi. Badania epoki kamienia pogranicza A\u0142taju i Pustyni Gobi w Mongolii","article_modified_time":"2023-07-03T14:07:51+00:00","og_image":[{"url":"https:\/\/archeo.mongolia.uwr.edu.pl\/wp-content\/uploads\/sites\/312\/2023\/07\/DSC2898-688x1024.jpg","type":"","width":"","height":""}],"twitter_card":"summary_large_image","schema":{"@context":"https:\/\/schema.org","@graph":[{"@type":"WebPage","@id":"https:\/\/archeo.mongolia.uwr.edu.pl\/en\/contact\/","url":"https:\/\/archeo.mongolia.uwr.edu.pl\/en\/contact\/","name":"Contact - Wok\u00f3\u0142 Tsakhiurtyn Hondi. Badania epoki kamienia pogranicza A\u0142taju i Pustyni Gobi w Mongolii","isPartOf":{"@id":"https:\/\/archeo.mongolia.uwr.edu.pl\/#website"},"primaryImageOfPage":{"@id":"https:\/\/archeo.mongolia.uwr.edu.pl\/en\/contact\/#primaryimage"},"image":{"@id":"https:\/\/archeo.mongolia.uwr.edu.pl\/en\/contact\/#primaryimage"},"thumbnailUrl":"https:\/\/archeo.mongolia.uwr.edu.pl\/wp-content\/uploads\/sites\/312\/2023\/07\/DSC2898-688x1024.jpg","datePublished":"2023-07-03T14:07:47+00:00","dateModified":"2023-07-03T14:07:51+00:00","breadcrumb":{"@id":"https:\/\/archeo.mongolia.uwr.edu.pl\/en\/contact\/#breadcrumb"},"inLanguage":"en-US","potentialAction":[{"@type":"ReadAction","target":["https:\/\/archeo.mongolia.uwr.edu.pl\/en\/contact\/"]}]},{"@type":"ImageObject","inLanguage":"en-US","@id":"https:\/\/archeo.mongolia.uwr.edu.pl\/en\/contact\/#primaryimage","url":"https:\/\/archeo.mongolia.uwr.edu.pl\/wp-content\/uploads\/sites\/312\/2023\/07\/DSC2898-688x1024.jpg","contentUrl":"https:\/\/archeo.mongolia.uwr.edu.pl\/wp-content\/uploads\/sites\/312\/2023\/07\/DSC2898-688x1024.jpg"},{"@type":"BreadcrumbList","@id":"https:\/\/archeo.mongolia.uwr.edu.pl\/en\/contact\/#breadcrumb","itemListElement":[{"@type":"ListItem","position":1,"name":"Strona g\u0142\u00f3wna","item":"https:\/\/archeo.mongolia.uwr.edu.pl\/en\/strona-glowna2-2\/"},{"@type":"ListItem","position":2,"name":"Contact"}]},{"@type":"WebSite","@id":"https:\/\/archeo.mongolia.uwr.edu.pl\/#website","url":"https:\/\/archeo.mongolia.uwr.edu.pl\/","name":"Wok\u00f3\u0142 Tsakhiurtyn Hondi. Badania epoki kamienia pogranicza A\u0142taju i Pustyni Gobi w Mongolii","description":"Kolejna witryna sieci \u201eUWR Witryny\u201d","publisher":{"@id":"https:\/\/archeo.mongolia.uwr.edu.pl\/#organization"},"potentialAction":[{"@type":"SearchAction","target":{"@type":"EntryPoint","urlTemplate":"https:\/\/archeo.mongolia.uwr.edu.pl\/?s={search_term_string}"},"query-input":{"@type":"PropertyValueSpecification","valueRequired":true,"valueName":"search_term_string"}}],"inLanguage":"en-US"},{"@type":"Organization","@id":"https:\/\/archeo.mongolia.uwr.edu.pl\/#organization","name":"Wok\u00f3\u0142 Tsakhiurtyn Hondi. Badania epoki kamienia pogranicza A\u0142taju i Pustyni Gobi w Mongolii","url":"https:\/\/archeo.mongolia.uwr.edu.pl\/","logo":{"@type":"ImageObject","inLanguage":"en-US","@id":"https:\/\/archeo.mongolia.uwr.edu.pl\/#\/schema\/logo\/image\/","url":"https:\/\/archeo.mongolia.uwr.edu.pl\/wp-content\/uploads\/sites\/312\/2025\/10\/UWr-logotyp-2025.png","contentUrl":"https:\/\/archeo.mongolia.uwr.edu.pl\/wp-content\/uploads\/sites\/312\/2025\/10\/UWr-logotyp-2025.png","width":764,"height":269,"caption":"Wok\u00f3\u0142 Tsakhiurtyn Hondi. Badania epoki kamienia pogranicza A\u0142taju i Pustyni Gobi w Mongolii"},"image":{"@id":"https:\/\/archeo.mongolia.uwr.edu.pl\/#\/schema\/logo\/image\/"}}]}},"publishpress_future_action":{"enabled":false,"date":"2026-05-23 05:58:51","action":"change-status","newStatus":"draft","terms":[],"taxonomy":"category","extraData":[]},"publishpress_future_workflow_manual_trigger":{"enabledWorkflows":[]},"_links":{"self":[{"href":"https:\/\/archeo.mongolia.uwr.edu.pl\/en\/wp-json\/wp\/v2\/pages\/24896\/"}],"collection":[{"href":"https:\/\/archeo.mongolia.uwr.edu.pl\/en\/wp-json\/wp\/v2\/pages\/"}],"about":[{"href":"https:\/\/archeo.mongolia.uwr.edu.pl\/en\/wp-json\/wp\/v2\/types\/page\/"}],"author":[{"embeddable":true,"href":"https:\/\/archeo.mongolia.uwr.edu.pl\/en\/wp-json\/wp\/v2\/users\/20\/"}],"replies":[{"embeddable":true,"href":"https:\/\/archeo.mongolia.uwr.edu.pl\/en\/wp-json\/wp\/v2\/comments\/?post=24896"}],"version-history":[{"count":1,"href":"https:\/\/archeo.mongolia.uwr.edu.pl\/en\/wp-json\/wp\/v2\/pages\/24896\/revisions\/"}],"predecessor-version":[{"id":24899,"href":"https:\/\/archeo.mongolia.uwr.edu.pl\/en\/wp-json\/wp\/v2\/pages\/24896\/revisions\/24899\/"}],"wp:attachment":[{"href":"https:\/\/archeo.mongolia.uwr.edu.pl\/en\/wp-json\/wp\/v2\/media\/?parent=24896"}],"wp:term":[{"taxonomy":"category","embeddable":true,"href":"https:\/\/archeo.mongolia.uwr.edu.pl\/en\/wp-json\/wp\/v2\/categories\/?post=24896"},{"taxonomy":"post_tag","embeddable":true,"href":"https:\/\/archeo.mongolia.uwr.edu.pl\/en\/wp-json\/wp\/v2\/tags\/?post=24896"}],"curies":[{"name":"wp","href":"https:\/\/api.w.org\/{rel}","templated":true}]}}